{"id":32,"date":"2022-07-30T19:30:55","date_gmt":"2022-07-30T19:30:55","guid":{"rendered":"https:\/\/malenkijrobot.hu\/?page_id=32"},"modified":"2023-06-27T18:06:33","modified_gmt":"2023-06-27T18:06:33","slug":"sajat-tortenet-bekuldese","status":"publish","type":"page","link":"https:\/\/malenkijrobot.hu\/en\/sajat-tortenet-bekuldese\/","title":{"rendered":"Saj\u00e1t t\u00f6rt\u00e9net bek\u00fcld\u00e9se"},"content":{"rendered":"<p><b>Saj\u00e1t t\u00f6rt\u00e9net bek\u00fcld\u00e9se<\/b><\/p>\n<blockquote><p>Amennyiben szeretn\u00e9, az al\u00e1bbi \u0171rlapon kereszt\u00fcl vagy emailben a tortenet kukac malenkijrobot pont hu c\u00edmen megoszthatja vel\u00fcnk t\u00f6rt\u00e9net\u00e9t.<\/p><\/blockquote>\n<div class=\"tx-row\">\n<div class=\"tx-column tx-column-size-1-2\">\n<div class=\"wpcf7 no-js\" id=\"wpcf7-f64-o1\" lang=\"hu-HU\" dir=\"ltr\">\n<div class=\"screen-reader-response\"><p role=\"status\" aria-live=\"polite\" aria-atomic=\"true\"><\/p> <ul><\/ul><\/div>\n<form action=\"\/en\/wp-json\/wp\/v2\/pages\/32#wpcf7-f64-o1\" method=\"post\" class=\"wpcf7-form init form-horizontal\" aria-label=\"Kapcsolatfelv\u00e9teli \u0171rlap\" novalidate=\"novalidate\" data-status=\"init\" data-trp-original-action=\"\/en\/wp-json\/wp\/v2\/pages\/32#wpcf7-f64-o1\">\n<div style=\"display: none;\">\n<input type=\"hidden\" name=\"_wpcf7\" value=\"64\" \/>\n<input type=\"hidden\" name=\"_wpcf7_version\" value=\"5.7.7\" \/>\n<input type=\"hidden\" name=\"_wpcf7_locale\" value=\"hu_HU\" \/>\n<input type=\"hidden\" name=\"_wpcf7_unit_tag\" value=\"wpcf7-f64-o1\" \/>\n<input type=\"hidden\" name=\"_wpcf7_container_post\" value=\"0\" \/>\n<input type=\"hidden\" name=\"_wpcf7_posted_data_hash\" value=\"\" \/>\n<\/div>\n<p><label> Nevem:<br \/>\n<span class=\"wpcf7-form-control-wrap\" data-name=\"your-name\"><input size=\"40\" class=\"wpcf7-form-control wpcf7-text wpcf7-validates-as-required\" autocomplete=\"name\" aria-required=\"true\" aria-invalid=\"false\" value=\"\" type=\"text\" name=\"your-name\" \/><\/span> <\/label>\n<\/p>\n<p><label> E-mail c\u00edmem:<br \/>\n<span class=\"wpcf7-form-control-wrap\" data-name=\"your-email\"><input size=\"40\" class=\"wpcf7-form-control wpcf7-text wpcf7-email wpcf7-validates-as-required wpcf7-validates-as-email\" autocomplete=\"email\" aria-required=\"true\" aria-invalid=\"false\" value=\"\" type=\"email\" name=\"your-email\" \/><\/span> <\/label>\n<\/p>\n<p><label> A t\u00f6rt\u00e9netem (\u00fczenetem) t\u00e1rgya:<br \/>\n<span class=\"wpcf7-form-control-wrap\" data-name=\"your-subject\"><input size=\"40\" class=\"wpcf7-form-control wpcf7-text wpcf7-validates-as-required\" aria-required=\"true\" aria-invalid=\"false\" value=\"\" type=\"text\" name=\"your-subject\" \/><\/span> <\/label>\n<\/p>\n<p><label>T\u00f6rt\u00e9netem:<br \/>\n<span class=\"wpcf7-form-control-wrap\" data-name=\"your-message\"><textarea cols=\"40\" rows=\"10\" class=\"wpcf7-form-control wpcf7-textarea\" aria-invalid=\"false\" name=\"your-message\"><\/textarea><\/span> <\/label>\n<\/p>\n<p><input class=\"wpcf7-form-control has-spinner wpcf7-submit\" type=\"submit\" value=\"T\u00f6rt\u00e9net elk\u00fcld\u00e9se\" \/>\n<\/p><noscript>\n\t\t\t<div class=\"wpcf7-response-output wpcf7-spam-blocked\">Your browser does not support JavaScript!. Please enable javascript in your browser in order to get form work properly.<\/div>\n\t<\/noscript><script type='text\/javascript'>\n\n\t\t\t\t\t\tif(contactform === undefined){\n\t\t\t\t\t\t\tvar contactform = [];\n\t\t\t\t\t\t}\n\t\t\t\t\t\tvar innerVal = [64,'mail_sent_ok','K&ouml;sz&ouml;nj&uuml;k sz&eacute;pen t&ouml;rt&eacute;net&eacute;t.'];\n\t\t\t\t\t\tcontactform.push(innerVal);\n\t\t\t\t\t\tvar innerVal = [64,'mail_sent_ng','Egy hiba t&ouml;rt&eacute;nt a t&ouml;rt&eacute;net k&uuml;ld&eacute;se sor&aacute;n, a m\u0171veletet meg kell ism&eacute;telni.'];\n\t\t\t\t\t\tcontactform.push(innerVal);\n\t\t\t\t\t\tvar innerVal = [64,'validation_error','Egy vagy t&ouml;bb mez\u0151 hib&aacute;t tartalmaz, az ellen\u0151rz&eacute;st &eacute;s jav&iacute;t&aacute;st k&ouml;vet\u0151en a m\u0171veletet meg kell ism&eacute;telni.'];\n\t\t\t\t\t\tcontactform.push(innerVal);\n\t\t\t\t\t\tvar innerVal = [64,'spam','Egy hiba t&ouml;rt&eacute;nt a t&ouml;rt&eacute;net k&uuml;ld&eacute;se sor&aacute;n, a m\u0171veletet meg kell ism&eacute;telni.'];\n\t\t\t\t\t\tcontactform.push(innerVal);\n\t\t\t\t\t\tvar innerVal = [64,'accept_terms','Az &uuml;zenet elk&uuml;ld&eacute;se el\u0151tt a felt&eacute;teleket el kell fogadni.'];\n\t\t\t\t\t\tcontactform.push(innerVal);\n\t\t\t\t\t\tvar innerVal = [64,'invalid_required','K&eacute;rj&uuml;k, t&ouml;ltse ki ezt a mez\u0151t!'];\n\t\t\t\t\t\tcontactform.push(innerVal);\n\t\t\t\t\t\tvar innerVal = [64,'invalid_too_long','A mez\u0151be &iacute;rt sz&ouml;veg t&uacute;l hossz&uacute;.'];\n\t\t\t\t\t\tcontactform.push(innerVal);\n\t\t\t\t\t\tvar innerVal = [64,'invalid_too_short','A mez\u0151be &iacute;rt sz&ouml;veg t&uacute;l r&ouml;vid.'];\n\t\t\t\t\t\tcontactform.push(innerVal);\n\t\t\t\t\t\tvar innerVal = [64,'upload_failed','Ismeretlen eredet\u0171 hiba t&ouml;rt&eacute;nt a f&aacute;jlfelt&ouml;lt&eacute;skor.'];\n\t\t\t\t\t\tcontactform.push(innerVal);\n\t\t\t\t\t\tvar innerVal = [64,'upload_file_type_invalid','Az ilyen t&iacute;pus&uacute; f&aacute;jlok felt&ouml;lt&eacute;se tilos.'];\n\t\t\t\t\t\tcontactform.push(innerVal);\n\t\t\t\t\t\tvar innerVal = [64,'upload_file_too_large','A felt&ouml;lt&ouml;tt f&aacute;jl t&uacute;l nagy.'];\n\t\t\t\t\t\tcontactform.push(innerVal);\n\t\t\t\t\t\tvar innerVal = [64,'upload_failed_php_error','Hiba t&ouml;rt&eacute;nt a f&aacute;jl felt&ouml;lt&eacute;sekor.'];\n\t\t\t\t\t\tcontactform.push(innerVal);\n\t\t\t\t\t\tvar innerVal = [64,'invalid_date','K&eacute;rj&uuml;k, &Eacute;&Eacute;&Eacute;&Eacute;&Eacute;-HH-NN form&aacute;tum&uacute; d&aacute;tumot adjon meg.'];\n\t\t\t\t\t\tcontactform.push(innerVal);\n\t\t\t\t\t\tvar innerVal = [64,'date_too_early','A mez\u0151 t&uacute;l korai d&aacute;tumot tartalmaz.'];\n\t\t\t\t\t\tcontactform.push(innerVal);\n\t\t\t\t\t\tvar innerVal = [64,'date_too_late','A mez\u0151 t&uacute;l k&eacute;s\u0151i d&aacute;tumot tartalmaz.'];\n\t\t\t\t\t\tcontactform.push(innerVal);\n\t\t\t\t\t\tvar innerVal = [64,'invalid_number','K&eacute;rj&uuml;k, sz&aacute;mot adjon meg.'];\n\t\t\t\t\t\tcontactform.push(innerVal);\n\t\t\t\t\t\tvar innerVal = [64,'number_too_small','A mez\u0151be &iacute;rt sz&aacute;m t&uacute;l kicsi.'];\n\t\t\t\t\t\tcontactform.push(innerVal);\n\t\t\t\t\t\tvar innerVal = [64,'number_too_large','A mez\u0151be &iacute;rt sz&aacute;m t&uacute;l nagy.'];\n\t\t\t\t\t\tcontactform.push(innerVal);\n\t\t\t\t\t\tvar innerVal = [64,'quiz_answer_not_correct','A quiz-k&eacute;rd&eacute;sre adott v&aacute;lasz hib&aacute;s.'];\n\t\t\t\t\t\tcontactform.push(innerVal);\n\t\t\t\t\t\tvar innerVal = [64,'invalid_email','K&eacute;rj&uuml;k, e-mail-c&iacute;met adjon meg.'];\n\t\t\t\t\t\tcontactform.push(innerVal);\n\t\t\t\t\t\tvar innerVal = [64,'invalid_url','K&eacute;rj&uuml;k webc&iacute;met (URL) adjon meg.'];\n\t\t\t\t\t\tcontactform.push(innerVal);\n\t\t\t\t\t\tvar innerVal = [64,'invalid_tel','K&eacute;rj&uuml;k, telefonsz&aacute;mot adjon meg.'];\n\t\t\t\t\t\tcontactform.push(innerVal);\n\t\t\t\t\t\tvar innerVal = [64,'gdpr',''];\n\t\t\t\t\t\tcontactform.push(innerVal);\n\t\t\t\t\t\t<\/script><div class=\"wpcf7-response-output\" aria-hidden=\"true\"><\/div>\n<input type=\"hidden\" name=\"trp-form-language\" value=\"en\"\/><\/form>\n<\/div>\n<\/div>\n<div class=\"tx-column tx-column-size-1-2\">\n<div class=\"wp-block-image\"><img loading=\"lazy\" decoding=\"async\" class=\"alignnone wp-image-80 size-large\" src=\"https:\/\/malenkijrobot.hu\/wp-content\/uploads\/2023\/06\/0227_wT-1024x786.jpg\" alt=\"saj\u00e1t t\u00f6rt\u00e9net\" width=\"900\" height=\"691\" srcset=\"https:\/\/malenkijrobot.hu\/wp-content\/uploads\/2023\/06\/0227_wT-1024x786.jpg 1024w, https:\/\/malenkijrobot.hu\/wp-content\/uploads\/2023\/06\/0227_wT-300x230.jpg 300w, https:\/\/malenkijrobot.hu\/wp-content\/uploads\/2023\/06\/0227_wT-768x589.jpg 768w, https:\/\/malenkijrobot.hu\/wp-content\/uploads\/2023\/06\/0227_wT-1536x1179.jpg 1536w, https:\/\/malenkijrobot.hu\/wp-content\/uploads\/2023\/06\/0227_wT-2048x1571.jpg 2048w, https:\/\/malenkijrobot.hu\/wp-content\/uploads\/2023\/06\/0227_wT-16x12.jpg 16w\" sizes=\"auto, (max-width: 900px) 100vw, 900px\" \/><\/div>\n<div><\/div>\n<\/div><\/div>","protected":false},"excerpt":{"rendered":"<p>Saj\u00e1t t\u00f6rt\u00e9net bek\u00fcld\u00e9se Amennyiben szeretn\u00e9, az al\u00e1bbi \u0171rlapon kereszt\u00fcl vagy emailben a tortenet kukac malenkijrobot pont hu c\u00edmen megoszthatja vel\u00fcnk t\u00f6rt\u00e9net\u00e9t.<\/p>","protected":false},"author":1,"featured_media":0,"parent":0,"menu_order":0,"comment_status":"closed","ping_status":"closed","template":"","meta":{"footnotes":""},"class_list":["post-32","page","type-page","status-publish","hentry"],"_links":{"self":[{"href":"https:\/\/malenkijrobot.hu\/en\/wp-json\/wp\/v2\/pages\/32","targetHints":{"allow":["GET"]}}],"collection":[{"href":"https:\/\/malenkijrobot.hu\/en\/wp-json\/wp\/v2\/pages"}],"about":[{"href":"https:\/\/malenkijrobot.hu\/en\/wp-json\/wp\/v2\/types\/page"}],"author":[{"embeddable":true,"href":"https:\/\/malenkijrobot.hu\/en\/wp-json\/wp\/v2\/users\/1"}],"replies":[{"embeddable":true,"href":"https:\/\/malenkijrobot.hu\/en\/wp-json\/wp\/v2\/comments?post=32"}],"version-history":[{"count":4,"href":"https:\/\/malenkijrobot.hu\/en\/wp-json\/wp\/v2\/pages\/32\/revisions"}],"predecessor-version":[{"id":66,"href":"https:\/\/malenkijrobot.hu\/en\/wp-json\/wp\/v2\/pages\/32\/revisions\/66"}],"wp:attachment":[{"href":"https:\/\/malenkijrobot.hu\/en\/wp-json\/wp\/v2\/media?parent=32"}],"curies":[{"name":"wp","href":"https:\/\/api.w.org\/{rel}","templated":true}]}}