{"id":30,"date":"2022-07-30T19:30:39","date_gmt":"2022-07-30T19:30:39","guid":{"rendered":"https:\/\/malenkijrobot.hu\/?page_id=30"},"modified":"2023-06-25T18:03:13","modified_gmt":"2023-06-25T18:03:13","slug":"kiallitas","status":"publish","type":"page","link":"https:\/\/malenkijrobot.hu\/en\/kiallitas\/","title":{"rendered":"Ki\u00e1ll\u00edt\u00e1s"},"content":{"rendered":"<h3>Ki\u00e1ll\u00edt\u00e1s megtekint\u00e9se:<\/h3>\n<p>A ki\u00e1ll\u00edt\u00e1s a k\u00e9pre kattintva \u00faj ablakban fog megjelenni. A ki\u00e1ll\u00edt\u00e1s oldal\u00e1r\u00f3l b\u00e1rmikor visszat\u00e9rhet erre az oldalra.<\/p>\n<div class=\"tx-animate\" style=\"visibility:hidden;\" data-animation=\"fadeIn\" data-animation-duration=\"1\" data-animation-delay=\".4\">\n<div class=\"wp-block-image\">\n<p><a href=\"https:\/\/kiallitas.malenkijrobot.hu\/\"><img loading=\"lazy\" decoding=\"async\" class=\"alignnone wp-image-57 size-full\" src=\"https:\/\/malenkijrobot.hu\/wp-content\/uploads\/2023\/06\/kiallitasmegtekintese-e1687712731947.png\" alt=\"Ki\u00e1ll\u00edt\u00e1s megtekint\u00e9se\" width=\"1068\" height=\"576\" srcset=\"https:\/\/malenkijrobot.hu\/wp-content\/uploads\/2023\/06\/kiallitasmegtekintese-e1687712731947.png 1068w, https:\/\/malenkijrobot.hu\/wp-content\/uploads\/2023\/06\/kiallitasmegtekintese-e1687712731947-300x162.png 300w, https:\/\/malenkijrobot.hu\/wp-content\/uploads\/2023\/06\/kiallitasmegtekintese-e1687712731947-1024x552.png 1024w, https:\/\/malenkijrobot.hu\/wp-content\/uploads\/2023\/06\/kiallitasmegtekintese-e1687712731947-768x414.png 768w, https:\/\/malenkijrobot.hu\/wp-content\/uploads\/2023\/06\/kiallitasmegtekintese-e1687712731947-18x10.png 18w\" sizes=\"auto, (max-width: 1068px) 100vw, 1068px\" \/><\/a><\/p>\n<\/div>\n<p>A ki\u00e1ll\u00edt\u00e1s online v\u00e1ltozat\u00e1t k\u00e9sz\u00edtette: Cs\u00e1kv\u00e1ri-Makra M\u00f3nika \u00e9s a honlapkeszitesek.hu<\/p>\n<p><b>A v\u00e1ndorki\u00e1ll\u00edt\u00e1s digitaliz\u00e1l\u00e1s\u00e1t a Nemzeti Egy\u00fcttm\u0171k\u00f6d\u00e9si Alap NEA-KP-1-2021\/2-000632-es\u00a0sz\u00e1m\u00fa p\u00e1ly\u00e1zata tette lehet\u0151v\u00e9.<\/b><\/p>\n<a class=\"tx-button\" href=\"https:\/\/kiallitas.malenkijrobot.hu\/\" target=\"_blank\" style=\"color: #FFFFFF; background-color: #172a36\">Ki\u00e1ll\u00edt\u00e1s digit\u00e1lis verzi\u00f3j\u00e1nak megtekint\u00e9se<\/a>\n<\/div>","protected":false},"excerpt":{"rendered":"<p>Ki\u00e1ll\u00edt\u00e1s megtekint\u00e9se: A ki\u00e1ll\u00edt\u00e1s a k\u00e9pre kattintva \u00faj ablakban fog megjelenni. A ki\u00e1ll\u00edt\u00e1s oldal\u00e1r\u00f3l b\u00e1rmikor visszat\u00e9rhet erre az oldalra. A ki\u00e1ll\u00edt\u00e1s online v\u00e1ltozat\u00e1t k\u00e9sz\u00edtette: Cs\u00e1kv\u00e1ri-Makra M\u00f3nika \u00e9s a honlapkeszitesek.hu A v\u00e1ndorki\u00e1ll\u00edt\u00e1s digitaliz\u00e1l\u00e1s\u00e1t a Nemzeti Egy\u00fcttm\u0171k\u00f6d\u00e9si Alap NEA-KP-1-2021\/2-000632-es\u00a0sz\u00e1m\u00fa p\u00e1ly\u00e1zata tette lehet\u0151v\u00e9.<\/p>","protected":false},"author":1,"featured_media":0,"parent":0,"menu_order":0,"comment_status":"closed","ping_status":"closed","template":"","meta":{"footnotes":""},"class_list":["post-30","page","type-page","status-publish","hentry"],"_links":{"self":[{"href":"https:\/\/malenkijrobot.hu\/en\/wp-json\/wp\/v2\/pages\/30","targetHints":{"allow":["GET"]}}],"collection":[{"href":"https:\/\/malenkijrobot.hu\/en\/wp-json\/wp\/v2\/pages"}],"about":[{"href":"https:\/\/malenkijrobot.hu\/en\/wp-json\/wp\/v2\/types\/page"}],"author":[{"embeddable":true,"href":"https:\/\/malenkijrobot.hu\/en\/wp-json\/wp\/v2\/users\/1"}],"replies":[{"embeddable":true,"href":"https:\/\/malenkijrobot.hu\/en\/wp-json\/wp\/v2\/comments?post=30"}],"version-history":[{"count":11,"href":"https:\/\/malenkijrobot.hu\/en\/wp-json\/wp\/v2\/pages\/30\/revisions"}],"predecessor-version":[{"id":78,"href":"https:\/\/malenkijrobot.hu\/en\/wp-json\/wp\/v2\/pages\/30\/revisions\/78"}],"wp:attachment":[{"href":"https:\/\/malenkijrobot.hu\/en\/wp-json\/wp\/v2\/media?parent=30"}],"curies":[{"name":"wp","href":"https:\/\/api.w.org\/{rel}","templated":true}]}}