{"id":28,"date":"2022-07-30T19:30:24","date_gmt":"2022-07-30T19:30:24","guid":{"rendered":"https:\/\/malenkijrobot.hu\/?page_id=28"},"modified":"2023-06-25T18:04:32","modified_gmt":"2023-06-25T18:04:32","slug":"rolunk","status":"publish","type":"page","link":"https:\/\/malenkijrobot.hu\/en\/","title":{"rendered":"About us"},"content":{"rendered":"<p>A Gul\u00e1g- \u00e9s Gupvikutat\u00f3k Nemzetk\u00f6zi T\u00e1rsas\u00e1g tagjainak szakmai hozz\u00e1j\u00e1rul\u00e1s\u00e1val a 2015-2017-es GULAG\/GUPVI eml\u00e9k\u00e9vek keretein bel\u00fcl 2016-ban j\u00f6tt l\u00e9tre \u201eAz igazs\u00e1g szabadd\u00e1 tesz\u2026\u201d \u201eM\u00e1lenkij robot\u201d, avagy az \u00e1rtatlanul, \u00edt\u00e9let n\u00e9lk\u00fcl k\u00e9nyszermunk\u00e1n a Szovjetuni\u00f3ban c\u00edm\u0171 v\u00e1ndorki\u00e1ll\u00edt\u00e1s. A ki\u00e1ll\u00edt\u00e1s 17 roll-up-on kereszt\u00fcl mutatja be a Magyarorsz\u00e1gr\u00f3l, \u00e1rtatlanul a szovjet GUPVI l\u00e1gerekbe elhurcolt polg\u00e1ri lakoss\u00e1g h\u00e1nyattatott sors\u00e1t. C\u00e9lja, hogy eml\u00e9ket \u00e1ll\u00edtson azon f\u00e9rfiaknak, asszonyoknak \u00e9s fiatal l\u00e1nyoknak, fi\u00faknak, akiket 1944-1945-ben a szovjet megsz\u00e1ll\u00e1s fegyveres szervei hurcoltak el t\u00f6bbnyire \u201em\u00e1lenkij robotra\u201d, vagyis egy \u201ekis munk\u00e1ra\u201d a szovjetuni\u00f3beli GUPVI l\u00e1gerrendszerbe k\u00e9nyszermunk\u00e1ra, hadifogoly- \u00e9s intern\u00e1l\u00f3t\u00e1borokba.<\/p>\n<p>A ki\u00e1ll\u00edt\u00e1s anyag\u00e1t \u00f6ssze\u00e1ll\u00edtotta Dr. Bogn\u00e1r Zal\u00e1n a K\u00e1roli G\u00e1sp\u00e1r Reform\u00e1tus Egyetem tansz\u00e9kvezet\u0151 egyetemi docense; a Gul\u00e1g- \u00e9s Gupvikutat\u00f3k Nemzetk\u00f6zi T\u00e1rsas\u00e1g\u00e1nak eln\u00f6ke, valamint Majorszki Andr\u00e1s, a Gul\u00e1g- \u00e9s Gupvikutat\u00f3k Nemzetk\u00f6zi T\u00e1rsas\u00e1g\u00e1nak tiszteletbeli eln\u00f6ke.<\/p>\n<p>A v\u00e1ndorki\u00e1ll\u00edt\u00e1s kiv\u00e1l\u00f3an illeszkedik egy-egy rendhagy\u00f3 t\u00f6rt\u00e9nelem \u00f3ra keret\u00e9be, valamint a telep\u00fcl\u00e9seken szervezett megeml\u00e9kez\u00e9sek, eml\u00e9knapok program sorozat\u00e1ba.<\/p>\n<div class=\"tx-row  tx-fwidth\" style=\"\"><div class=\"tx-fw-inner\" style=\"background-color: ; background-image: url(https:\/\/malenkijrobot.hu\/wp-content\/uploads\/2023\/06\/malenkijfej.jpg); background-attachment: fixed; background-size: cover; \"><div class=\"tx-fw-overlay\" style=\"padding-bottom:200px; padding-top:200px; background-color: rgba(0,0,0,0.4);\"><div class=\"tx-fw-content\">A ki\u00e1ll\u00edt\u00e1st a Gul\u00e1g- \u00e9s Gupvikutat\u00f3k Nemzetk\u00f6zi T\u00e1rsas\u00e1g\u00e1t\u00f3l lehet k\u00f6lcs\u00f6n k\u00e9rni a k\u00f6vetkez\u0151 el\u00e9rhet\u0151s\u00e9gen: <a href=\"mailto:info.gulag.gupvi@gmail.com\">info.gulag.gupvi@gmail.com<\/a>.<\/div><\/div><\/div><\/div>\n<a class=\"tx-button\" href=\"https:\/\/malenkijrobot.hu\/en\/kiallitas\/\" target=\"_blank\" style=\"color: #FFFFFF; background-color: #172a36\">Ki\u00e1ll\u00edt\u00e1s digit\u00e1lis verzi\u00f3j\u00e1nak megtekint\u00e9se<\/a>","protected":false},"excerpt":{"rendered":"<p>A Gul\u00e1g- \u00e9s Gupvikutat\u00f3k Nemzetk\u00f6zi T\u00e1rsas\u00e1g tagjainak szakmai hozz\u00e1j\u00e1rul\u00e1s\u00e1val a 2015-2017-es GULAG\/GUPVI eml\u00e9k\u00e9vek keretein bel\u00fcl 2016-ban j\u00f6tt l\u00e9tre \u201eAz igazs\u00e1g szabadd\u00e1 tesz\u2026\u201d \u201eM\u00e1lenkij robot\u201d, avagy az \u00e1rtatlanul, \u00edt\u00e9let n\u00e9lk\u00fcl k\u00e9nyszermunk\u00e1n a Szovjetuni\u00f3ban c\u00edm\u0171 v\u00e1ndorki\u00e1ll\u00edt\u00e1s. A ki\u00e1ll\u00edt\u00e1s 17 roll-up-on kereszt\u00fcl mutatja &hellip;<\/p>\n<p><a href=\"https:\/\/malenkijrobot.hu\/en\/\">Continue Reading<span class=\"meta-nav\"> <i class=\"material-icons\" style=\"vertical-align: middle; margin-top: -1px;\">&#xe5cc;<\/i><\/span><\/a><\/p>","protected":false},"author":1,"featured_media":0,"parent":0,"menu_order":0,"comment_status":"closed","ping_status":"closed","template":"","meta":{"footnotes":""},"class_list":["post-28","page","type-page","status-publish","hentry"],"_links":{"self":[{"href":"https:\/\/malenkijrobot.hu\/en\/wp-json\/wp\/v2\/pages\/28","targetHints":{"allow":["GET"]}}],"collection":[{"href":"https:\/\/malenkijrobot.hu\/en\/wp-json\/wp\/v2\/pages"}],"about":[{"href":"https:\/\/malenkijrobot.hu\/en\/wp-json\/wp\/v2\/types\/page"}],"author":[{"embeddable":true,"href":"https:\/\/malenkijrobot.hu\/en\/wp-json\/wp\/v2\/users\/1"}],"replies":[{"embeddable":true,"href":"https:\/\/malenkijrobot.hu\/en\/wp-json\/wp\/v2\/comments?post=28"}],"version-history":[{"count":7,"href":"https:\/\/malenkijrobot.hu\/en\/wp-json\/wp\/v2\/pages\/28\/revisions"}],"predecessor-version":[{"id":79,"href":"https:\/\/malenkijrobot.hu\/en\/wp-json\/wp\/v2\/pages\/28\/revisions\/79"}],"wp:attachment":[{"href":"https:\/\/malenkijrobot.hu\/en\/wp-json\/wp\/v2\/media?parent=28"}],"curies":[{"name":"wp","href":"https:\/\/api.w.org\/{rel}","templated":true}]}}